{"id":13041,"date":"2025-11-03T19:34:32","date_gmt":"2025-11-03T18:34:32","guid":{"rendered":"https:\/\/humanfactors.uni-mainz.de\/?page_id=13041"},"modified":"2026-03-23T07:51:04","modified_gmt":"2026-03-23T06:51:04","slug":"maike-lindermayr","status":"publish","type":"page","link":"https:\/\/humanfactors.uni-mainz.de\/en\/maike-lindermayr\/","title":{"rendered":"Maike Lindermayr"},"content":{"rendered":"<jgu-base-pageheader react-props=\"{\n    &quot;items&quot;: [\n        {\n            &quot;box&quot;: {\n                &quot;index&quot;: &quot;&quot;,\n                &quot;title&quot;: &quot;Maike Lindermayr (M.Sc.)&quot;,\n                &quot;link&quot;: {\n                    &quot;url&quot;: &quot;&quot;,\n                    &quot;title&quot;: &quot;learn more&quot;\n                }\n            },\n            &quot;color&quot;: &quot;default&quot;,\n            &quot;image&quot;: {\n                &quot;url&quot;: &quot;&quot;\n            },\n            &quot;imgCredit&quot;: &quot;&quot;,\n            &quot;useVideo&quot;: false,\n            &quot;video&quot;: false\n        }\n    ],\n    &quot;type&quot;: &quot;border&quot;,\n    &quot;align&quot;: &quot;full&quot;,\n    &quot;quicklinks&quot;: {\n        &quot;show&quot;: false,\n        &quot;selects&quot;: []\n    },\n    &quot;useBreadcrumb&quot;: false\n}\">\n<\/jgu-base-pageheader><jgu-base-image react-props=\"{\n    &quot;align&quot;: &quot;left&quot;,\n    &quot;image&quot;: {\n        &quot;url&quot;: &quot;https:\\\/\\\/cms.zdv.uni-mainz.de\\\/fb02-humanfactors\\\/wp-content\\\/uploads\\\/sites\\\/1006\\\/2025\\\/12\\\/maike2-e1765975450439.jpg&quot;,\n        &quot;id&quot;: 12931,\n        &quot;title&quot;: &quot;maike2&quot;,\n        &quot;width&quot;: 832,\n        &quot;height&quot;: 845,\n        &quot;srcset&quot;: &quot;https:\\\/\\\/cms.zdv.uni-mainz.de\\\/fb02-humanfactors\\\/wp-content\\\/uploads\\\/sites\\\/1006\\\/2025\\\/12\\\/maike2-e1765975450439.jpg 832w, https:\\\/\\\/cms.zdv.uni-mainz.de\\\/fb02-humanfactors\\\/wp-content\\\/uploads\\\/sites\\\/1006\\\/2025\\\/12\\\/maike2-e1765975450439-295x300.jpg 295w, https:\\\/\\\/cms.zdv.uni-mainz.de\\\/fb02-humanfactors\\\/wp-content\\\/uploads\\\/sites\\\/1006\\\/2025\\\/12\\\/maike2-e1765975450439-768x780.jpg 768w&quot;\n    },\n    &quot;imgWidth&quot;: 243,\n    &quot;width&quot;: 266,\n    &quot;lock&quot;: {\n        &quot;move&quot;: true,\n        &quot;remove&quot;: true\n    },\n    &quot;hasLightbox&quot;: false,\n    &quot;caption&quot;: &quot;&quot;,\n    &quot;link&quot;: {\n        &quot;url&quot;: &quot;&quot;,\n        &quot;target&quot;: &quot;&quot;,\n        &quot;rel&quot;: &quot;&quot;\n    }\n}\" class=\"align-left\">\n    \n<\/jgu-base-image>\n<figure class=\"wp-block-table alignright\"><table><tbody><tr><td>GoogleScholar<\/td><\/tr><tr><td><a href=\"https:\/\/www.linkedin.com\/in\/maike-l-b31aa8303\/\">LinkedIn<\/a><\/td><\/tr><tr><td><a href=\"https:\/\/www.researchgate.net\/profile\/Maike-Lindermayr\">ResearchGate<\/a><\/td><\/tr><tr><td> <a href=\"https:\/\/orcid.org\/0009-0001-2671-842X\">ORCID ID<\/a><\/td><\/tr><\/tbody><\/table><\/figure>\n\n<figure class=\"wp-block-table\"><table><tbody><tr><td><strong>Contact<\/strong><\/td><td><\/td><\/tr><tr><td>Johannes Gutenberg University Mainz<br\/>Institute of Psychology<br\/>Human Factors and Engineering Psychology<\/td><td><\/td><\/tr><tr><td>Room 06-212, Wallstr. 3, 55122 Mainz <\/td><td><\/td><\/tr><tr><td>Tel. +49 6131 3932551<\/td><td><\/td><\/tr><tr><td>maike.lindermayr@uni-mainz.de<\/td><td><\/td><\/tr><\/tbody><\/table><\/figure>\n\n<div style=\"height:18px\" aria-hidden=\"true\" class=\"wp-block-spacer\"><\/div>\n<jgu-base-alertbox react-props=\"{\n    &quot;headline&quot;: &quot;&quot;,\n    &quot;headlineColor&quot;: &quot;dark&quot;,\n    &quot;subline&quot;: &quot;&quot;,\n    &quot;children&quot;: &quot;&quot;,\n    &quot;icon&quot;: &quot;&quot;,\n    &quot;iconOverHeadline&quot;: false,\n    &quot;isPreview&quot;: false\n}\">\n    \n<\/jgu-base-alertbox><jgu-base-heading react-props=\"{\n    &quot;tags&quot;: {\n        &quot;htmlTag&quot;: &quot;h2&quot;,\n        &quot;classTag&quot;: &quot;&quot;,\n        &quot;tag&quot;: &quot;h2&quot;\n    },\n    &quot;heading&quot;: &quot;Curriculum Vitae&quot;,\n    &quot;textAlign&quot;: &quot;left&quot;,\n    &quot;anchor&quot;: &quot;&quot;,\n    &quot;index&quot;: &quot;&quot;,\n    &quot;color&quot;: &quot;red&quot;\n}\"><\/jgu-base-heading>\n\n<figure class=\"wp-block-table\"><table><tbody><tr><td>since 10 \/ 2025 <\/td><td>Research Associate in Human Factors and Engineering Psychology at the Johannes Gutenberg-Universit\u00e4t Mainz<\/td><\/tr><tr><td>2023 &#8211; 2025<\/td><td>M.Sc. Psychology \u2013 Human Factors at the Johannes Gutenberg-Universit\u00e4t Mainz<\/td><\/tr><tr><td>2021 &#8211; 2024<\/td><td>Student assistant at the Julius-Maximilians-Universit\u00e4t W\u00fcrzburg and at the Johannes Gutenberg-Universit\u00e4t Mainz<\/td><\/tr><tr><td>2019 &#8211; 2022<\/td><td>B.Sc. Psychology at the Julius-Maximilians-Universit\u00e4t W\u00fcrzburg<\/td><\/tr><\/tbody><\/table><\/figure>\n<jgu-base-alertbox react-props=\"{\n    &quot;headline&quot;: &quot;Research focus&lt;br&gt;&lt;br&gt;&quot;,\n    &quot;subline&quot;: &quot;Maike Lindermayr&#039;s research focuses on the field of human-AI interaction. She investigates how people perceive, understand, and collaborate with artificial intelligence. She is particularly interested in the role of &lt;strong&gt;anthropomorphism&lt;\\\/strong&gt; in the design of AI systems, &lt;strong&gt;AI literacy&lt;\\\/strong&gt;, and the mechanisms of &lt;strong&gt;persuasion&lt;\\\/strong&gt; in the context of AI. In addition, she examines forms of &lt;strong&gt;human-AI collaboration&lt;\\\/strong&gt; and &lt;strong&gt;team building&lt;\\\/strong&gt; to enable trusting and effective interactions. Her work also includes topics such as &lt;strong&gt;Explainable AI (XAI)&lt;\\\/strong&gt; and &lt;strong&gt;fairness in machine learning&lt;\\\/strong&gt;, including within the &lt;strong&gt;TOPML project&lt;\\\/strong&gt;, which is funded by the &lt;strong&gt;Carl Zeiss Foundation&lt;\\\/strong&gt;.    &lt;br&gt;&quot;,\n    &quot;headlineColor&quot;: &quot;dark&quot;,\n    &quot;children&quot;: &quot;&quot;,\n    &quot;icon&quot;: &quot;&quot;,\n    &quot;iconOverHeadline&quot;: false,\n    &quot;isPreview&quot;: false\n}\">\n    \n<\/jgu-base-alertbox><jgu-base-section react-props=\"{&quot;color&quot;:&quot;light&quot;,&quot;align&quot;:&quot;wide&quot;,&quot;padding&quot;:&quot;medium&quot;}\">\n<div class=\"jgu-bgsection bg bg-light \"><div class=\"content padding-medium\"><div\n\tclass=\"jgu-anchorpoint\"\n\tid=\"projects\"\n\tdata-label=\"Projects\"\n\tdata-hide-in-nav=\"false\"\n\ttabindex=\"0\"\n\tdata-initial-scroll=\"true\"\n><\/div>\n\n\n<jgu-base-heading react-props=\"{\n    &quot;index&quot;: &quot; &quot;,\n    &quot;tags&quot;: {\n        &quot;htmlTag&quot;: &quot;h2&quot;,\n        &quot;classTag&quot;: &quot;&quot;,\n        &quot;tag&quot;: &quot;h2&quot;\n    },\n    &quot;heading&quot;: &quot;Project participations&quot;,\n    &quot;textAlign&quot;: &quot;left&quot;,\n    &quot;anchor&quot;: &quot;&quot;,\n    &quot;color&quot;: &quot;red&quot;\n}\"><\/jgu-base-heading>\n\n\n<jgu-base-accordion react-props=\"{&quot;selected&quot;:6,&quot;align&quot;:&quot;wide&quot;,&quot;hasAllOpenButton&quot;:true,&quot;onlyOne&quot;:false,&quot;initAllClosed&quot;:true,&quot;enableSearch&quot;:false}\">\n    \n<jgu-base-accordionitem react-props=\"{&quot;title&quot;:&quot;FAIR - COM &quot;,&quot;init&quot;:false,&quot;slug&quot;:&quot;fair-com&quot;,&quot;align&quot;:&quot;wide&quot;,&quot;customSlug&quot;:false}\">\n    \n<jgu-base-image react-props=\"{\n    &quot;align&quot;: &quot;left&quot;,\n    &quot;image&quot;: {\n        &quot;url&quot;: &quot;https:\\\/\\\/cms.zdv.uni-mainz.de\\\/fb02-humanfactors\\\/wp-content\\\/uploads\\\/sites\\\/1006\\\/2025\\\/11\\\/Logo_TOPML_rgb_klein-300x192-2.jpg&quot;,\n        &quot;id&quot;: 10255,\n        &quot;title&quot;: &quot;Logo_TOPML_rgb_klein-300x192&quot;,\n        &quot;width&quot;: 300,\n        &quot;height&quot;: 192\n    },\n    &quot;width&quot;: 176,\n    &quot;hasLightbox&quot;: false,\n    &quot;caption&quot;: &quot;&quot;,\n    &quot;imgWidth&quot;: 0,\n    &quot;link&quot;: {\n        &quot;url&quot;: &quot;&quot;,\n        &quot;target&quot;: &quot;&quot;,\n        &quot;rel&quot;: &quot;&quot;\n    }\n}\" class=\"align-left\">\n    \n<\/jgu-base-image>\n\n\n<p class=\"has-big-font-size\">As part of the <strong>second phase of the TOPML project<\/strong> (Trading Off Non-Functional Properties of Machine Learning), dispositional and situational factors are being investigated in collaboration with <strong>Computer Science (Dr. Mattia Cerrato)<\/strong> in the <strong>FAIR &#8211; COM<\/strong> project, which influence how users understand and evaluate different strategies for bias mitigation \u2013 i.e. for reducing biases in AI systems. Empirical user studies will be used to identify psychological and contextual factors that shape the understanding and acceptance of fairness measures. These findings will be incorporated into the development of explainability approaches (Explainable AI, XAI) and the design of user interfaces to communicate fairness-related properties of AI systems in a transparent and understandable way.  <\/p>\n\n\n<\/jgu-base-accordionitem>\n\n<\/jgu-base-accordion>\n<\/div><\/div>\n<\/jgu-base-section>    <div style=\"display: none\">\n        \n    <\/div>","protected":false},"excerpt":{"rendered":"<p>GoogleScholar LinkedIn ResearchGate ORCID ID Contact Johannes Gutenberg University MainzInstitute of PsychologyHuman Factors and Engineering Psychology Room 06-212, Wallstr. 3, 55122 Mainz Tel. +49 6131 3932551 maike.lindermayr@uni-mainz.de since 10 \/ 2025 Research Associate in Human Factors and Engineering Psychology at the Johannes Gutenberg-Universit\u00e4t Mainz 2023 &#8211; 2025 M.Sc. Psychology \u2013 Human Factors at the Johannes &hellip; <a href=\"https:\/\/humanfactors.uni-mainz.de\/en\/maike-lindermayr\/\">Continued<\/a><\/p>\n","protected":false},"author":2590,"featured_media":0,"parent":0,"menu_order":0,"comment_status":"closed","ping_status":"closed","template":"","meta":{"footnotes":""},"categories":[],"tags":[],"class_list":["post-13041","page","type-page","status-publish","hentry"],"content_raw":"<!-- wp:jgu\/pageheader {\"items\":[{\"box\":{\"index\":\"\",\"title\":\"Maike Lindermayr (M.Sc.)\",\"link\":{\"url\":\"\",\"title\":\"learn more\"}},\"color\":\"default\",\"image\":{\"url\":\"\"},\"imgCredit\":\"\",\"useVideo\":false,\"video\":false}],\"type\":\"border\"} \/--><!-- wp:jgu\/image {\"align\":\"left\",\"image\":{\"url\":null,\"id\":12931},\"imgWidth\":243,\"width\":266,\"lock\":{\"move\":true,\"remove\":true}} \/--><!-- wp:table {\"hasFixedLayout\":false,\"align\":\"right\",\"translatedWithWPMLTM\":\"1\"} -->\n<figure class=\"wp-block-table alignright\"><table><tbody><tr><td>GoogleScholar<\/td><\/tr><tr><td><a href=\"https:\/\/www.linkedin.com\/in\/maike-l-b31aa8303\/\">LinkedIn<\/a><\/td><\/tr><tr><td><a href=\"https:\/\/www.researchgate.net\/profile\/Maike-Lindermayr\">ResearchGate<\/a><\/td><\/tr><tr><td> <a href=\"https:\/\/orcid.org\/0009-0001-2671-842X\">ORCID ID<\/a><\/td><\/tr><\/tbody><\/table><\/figure>\n<!-- \/wp:table --><!-- wp:table {\"hasFixedLayout\":false,\"translatedWithWPMLTM\":\"1\"} -->\n<figure class=\"wp-block-table\"><table><tbody><tr><td><strong>Contact<\/strong><\/td><td><\/td><\/tr><tr><td>Johannes Gutenberg University Mainz<br\/>Institute of Psychology<br\/>Human Factors and Engineering Psychology<\/td><td><\/td><\/tr><tr><td>Room 06-212, Wallstr. 3, 55122 Mainz <\/td><td><\/td><\/tr><tr><td>Tel. +49 6131 3932551<\/td><td><\/td><\/tr><tr><td>maike.lindermayr@uni-mainz.de<\/td><td><\/td><\/tr><\/tbody><\/table><\/figure>\n<!-- \/wp:table --><!-- wp:spacer {\"height\":\"18px\"} -->\n<div style=\"height:18px\" aria-hidden=\"true\" class=\"wp-block-spacer\"><\/div>\n<!-- \/wp:spacer --><!-- wp:jgu\/alertbox \/--><!-- wp:jgu\/heading {\"tags\":{\"htmlTag\":\"h2\",\"classTag\":\"\",\"tag\":\"h2\"},\"heading\":\"Curriculum Vitae\"} \/--><!-- wp:table {\"hasFixedLayout\":false,\"translatedWithWPMLTM\":\"1\"} -->\n<figure class=\"wp-block-table\"><table><tbody><tr><td>since 10 \/ 2025 <\/td><td>Research Associate in Human Factors and Engineering Psychology at the Johannes Gutenberg-Universit\u00e4t Mainz<\/td><\/tr><tr><td>2023 - 2025<\/td><td>M.Sc. Psychology \u2013 Human Factors at the Johannes Gutenberg-Universit\u00e4t Mainz<\/td><\/tr><tr><td>2021 - 2024<\/td><td>Student assistant at the Julius-Maximilians-Universit\u00e4t W\u00fcrzburg and at the Johannes Gutenberg-Universit\u00e4t Mainz<\/td><\/tr><tr><td>2019 - 2022<\/td><td>B.Sc. Psychology at the Julius-Maximilians-Universit\u00e4t W\u00fcrzburg<\/td><\/tr><\/tbody><\/table><\/figure>\n<!-- \/wp:table --><!-- wp:jgu\/alertbox {\"headline\":\"Research focus\\u003cbr\\u003e\\u003cbr\\u003e\",\"subline\":\"Maike Lindermayr's research focuses on the field of human-AI interaction. She investigates how people perceive, understand, and collaborate with artificial intelligence. She is particularly interested in the role of \\u003cstrong\\u003eanthropomorphism\\u003c\/strong\\u003e in the design of AI systems, \\u003cstrong\\u003eAI literacy\\u003c\/strong\\u003e, and the mechanisms of \\u003cstrong\\u003epersuasion\\u003c\/strong\\u003e in the context of AI. In addition, she examines forms of \\u003cstrong\\u003ehuman-AI collaboration\\u003c\/strong\\u003e and \\u003cstrong\\u003eteam building\\u003c\/strong\\u003e to enable trusting and effective interactions. Her work also includes topics such as \\u003cstrong\\u003eExplainable AI (XAI)\\u003c\/strong\\u003e and \\u003cstrong\\u003efairness in machine learning\\u003c\/strong\\u003e, including within the \\u003cstrong\\u003eTOPML project\\u003c\/strong\\u003e, which is funded by the \\u003cstrong\\u003eCarl Zeiss Foundation\\u003c\/strong\\u003e.    \\u003cbr\\u003e\"} \/--><!-- wp:jgu\/section {\"color\":\"light\"} -->\n<div class=\"jgu-bgsection bg bg-light \"><div class=\"content padding-medium\"><!-- wp:jgu\/anchorpoint {\"title\":\"Projects\",\"slug\":\"projects\"} \/-->\n\n<!-- wp:jgu\/heading {\"index\":\" \",\"tags\":{\"htmlTag\":\"h2\",\"classTag\":\"\",\"tag\":\"h2\"},\"heading\":\"Project participations\"} \/-->\n\n<!-- wp:jgu\/accordion {\"selected\":6} -->\n<!-- wp:jgu\/accordion-item {\"title\":\"FAIR - COM \",\"init\":false,\"slug\":\"fair-com\"} -->\n<!-- wp:jgu\/image {\"align\":\"left\",\"image\":{\"url\":null,\"id\":10255},\"width\":176} \/-->\n\n<!-- wp:paragraph {\"translatedWithWPMLTM\":\"1\"} -->\n<p class=\"has-big-font-size\">As part of the <strong>second phase of the TOPML project<\/strong> (Trading Off Non-Functional Properties of Machine Learning), dispositional and situational factors are being investigated in collaboration with <strong>Computer Science (Dr. Mattia Cerrato)<\/strong> in the <strong>FAIR - COM<\/strong> project, which influence how users understand and evaluate different strategies for bias mitigation \u2013 i.e. for reducing biases in AI systems. Empirical user studies will be used to identify psychological and contextual factors that shape the understanding and acceptance of fairness measures. These findings will be incorporated into the development of explainability approaches (Explainable AI, XAI) and the design of user interfaces to communicate fairness-related properties of AI systems in a transparent and understandable way.  <\/p>\n<!-- \/wp:paragraph -->\n<!-- \/wp:jgu\/accordion-item -->\n<!-- \/wp:jgu\/accordion --><\/div><\/div>\n<!-- \/wp:jgu\/section -->","_links":{"self":[{"href":"https:\/\/humanfactors.uni-mainz.de\/en\/wp-json\/wp\/v2\/pages\/13041","targetHints":{"allow":["GET"]}}],"collection":[{"href":"https:\/\/humanfactors.uni-mainz.de\/en\/wp-json\/wp\/v2\/pages"}],"about":[{"href":"https:\/\/humanfactors.uni-mainz.de\/en\/wp-json\/wp\/v2\/types\/page"}],"author":[{"embeddable":true,"href":"https:\/\/humanfactors.uni-mainz.de\/en\/wp-json\/wp\/v2\/users\/2590"}],"replies":[{"embeddable":true,"href":"https:\/\/humanfactors.uni-mainz.de\/en\/wp-json\/wp\/v2\/comments?post=13041"}],"version-history":[{"count":4,"href":"https:\/\/humanfactors.uni-mainz.de\/en\/wp-json\/wp\/v2\/pages\/13041\/revisions"}],"predecessor-version":[{"id":13696,"href":"https:\/\/humanfactors.uni-mainz.de\/en\/wp-json\/wp\/v2\/pages\/13041\/revisions\/13696"}],"wp:attachment":[{"href":"https:\/\/humanfactors.uni-mainz.de\/en\/wp-json\/wp\/v2\/media?parent=13041"}],"wp:term":[{"taxonomy":"category","embeddable":true,"href":"https:\/\/humanfactors.uni-mainz.de\/en\/wp-json\/wp\/v2\/categories?post=13041"},{"taxonomy":"post_tag","embeddable":true,"href":"https:\/\/humanfactors.uni-mainz.de\/en\/wp-json\/wp\/v2\/tags?post=13041"}],"curies":[{"name":"wp","href":"https:\/\/api.w.org\/{rel}","templated":true}]}}